{"id":65,"date":"2019-06-21T18:51:09","date_gmt":"2019-06-21T16:51:09","guid":{"rendered":"http:\/\/www.popwareit.com\/?page_id=62"},"modified":"2019-06-21T18:51:09","modified_gmt":"2019-06-21T16:51:09","slug":"quienes-somos","status":"publish","type":"page","link":"http:\/\/www.popwareit.com\/index.php\/es\/quienes-somos\/","title":{"rendered":"Qui\u00e9nes somos"},"content":{"rendered":"<p>La inform\u00e1tica y las comunicaciones se han vuelto muy populares y cotidianas. Desde el hardware y software que nadie sab\u00eda bien que eran hemos llegado a lo que definimos como Popware: Tecnolog\u00eda al alcance de todos. Bienvenido a nuestro sitio web.<\/p>\n","protected":false},"excerpt":{"rendered":"<p>La inform\u00e1tica y las comunicaciones se han vuelto muy populares y cotidianas. Desde el hardware y software que nadie sab\u00eda bien que eran hemos llegado a lo que definimos como Popware: Tecnolog\u00eda al alcance de todos. Bienvenido a nuestro sitio web.<\/p>\n","protected":false},"author":1,"featured_media":0,"parent":0,"menu_order":0,"comment_status":"closed","ping_status":"closed","template":"","meta":[],"_links":{"self":[{"href":"http:\/\/www.popwareit.com\/index.php\/wp-json\/wp\/v2\/pages\/65"}],"collection":[{"href":"http:\/\/www.popwareit.com\/index.php\/wp-json\/wp\/v2\/pages"}],"about":[{"href":"http:\/\/www.popwareit.com\/index.php\/wp-json\/wp\/v2\/types\/page"}],"author":[{"embeddable":true,"href":"http:\/\/www.popwareit.com\/index.php\/wp-json\/wp\/v2\/users\/1"}],"replies":[{"embeddable":true,"href":"http:\/\/www.popwareit.com\/index.php\/wp-json\/wp\/v2\/comments?post=65"}],"version-history":[{"count":0,"href":"http:\/\/www.popwareit.com\/index.php\/wp-json\/wp\/v2\/pages\/65\/revisions"}],"wp:attachment":[{"href":"http:\/\/www.popwareit.com\/index.php\/wp-json\/wp\/v2\/media?parent=65"}],"curies":[{"name":"wp","href":"https:\/\/api.w.org\/{rel}","templated":true}]}}